{"id":167,"date":"2021-11-24T11:49:43","date_gmt":"2021-11-24T11:49:43","guid":{"rendered":"http:\/\/kassel-monteurzimmer.eu\/nadruk\/"},"modified":"2021-11-27T12:55:58","modified_gmt":"2021-11-27T12:55:58","slug":"nadruk","status":"publish","type":"page","link":"https:\/\/kassel-monteurzimmer.eu\/pl\/nadruk\/","title":{"rendered":"Nadruk"},"content":{"rendered":"<p>[et_pb_section fb_built=&#8221;1&#8243; _builder_version=&#8221;4.14.1&#8243; _module_preset=&#8221;default&#8221; global_colors_info=&#8221;{}&#8221;][et_pb_row _builder_version=&#8221;4.14.1&#8243; _module_preset=&#8221;default&#8221; custom_padding=&#8221;0px|||||&#8221; global_colors_info=&#8221;{}&#8221;][et_pb_column type=&#8221;4_4&#8243; _builder_version=&#8221;4.14.1&#8243; _module_preset=&#8221;default&#8221; global_colors_info=&#8221;{}&#8221;][et_pb_text _builder_version=&#8221;4.14.1&#8243; _module_preset=&#8221;default&#8221; global_colors_info=&#8221;{}&#8221;]<\/p>\n<h1>Nadruk<br \/>Informacje zgodnie z \u00a7 5 TMG<\/h1>\n<p>Christof Golec<br \/>Christof Golec Sp\u00f3\u0142ka w\u0142a\u015bcicielska<br \/>Leipziger Str. 44<br \/>34260 Kaufungen<br \/>Kontakt<\/p>\n<p>Telefon: <span style=\"color: #000000; font-family: ArialMT; font-size: 14px; font-style: normal; font-variant-caps: normal; font-weight: normal; letter-spacing: normal; orphans: auto; text-align: left; text-indent: 0px; text-transform: none; white-space: normal; widows: auto; word-spacing: 0px; -webkit-text-size-adjust: auto; -webkit-text-stroke-width: 0px; display: inline !important; float: none;\">+495605-9139741 <\/span><br \/>E-mail: j.golec@kassel-monteurzimmer.eu<br \/>Identyfikator podatku od sprzeda\u017cy<\/p>\n<p>Numer identyfikacyjny podatku od sprzeda\u017cy zgodnie z \u00a7 27 a Umsatzsteuergesetz:<br \/>DE218005028<br \/>Odpowiedzialno\u015b\u0107 redakcyjna<\/p>\n<p>Christof Golec Sp\u00f3\u0142ka w\u0142a\u015bcicielska<br \/>Leipziger Str. 44<br \/>34260 Kaufungen Papiernia<br \/>Rozstrzyganie spor\u00f3w w UE<\/p>\n<p>Komisja Europejska udost\u0119pnia platform\u0119 do rozwi\u0105zywania spor\u00f3w online (OS): https:\/\/ec.europa.eu\/consumers\/odr\/.<br \/>Nasz adres e-mail mo\u017cna znale\u017a\u0107 w nadruku powy\u017cej.<br \/>Rozstrzyganie spor\u00f3w konsumenckich\/uniwersalna komisja arbitra\u017cowa<\/p>\n<p>Nie jeste\u015bmy sk\u0142onni ani zobowi\u0105zani do udzia\u0142u w post\u0119powaniu w sprawie rozstrzygania spor\u00f3w przed polubownym s\u0105dem konsumenckim.<\/p>\n<p>[\/et_pb_text][\/et_pb_column][\/et_pb_row][\/et_pb_section]<\/p>\n","protected":false},"excerpt":{"rendered":"<p>NadrukInformacje zgodnie z \u00a7 5 TMG Christof GolecChristof Golec Sp\u00f3\u0142ka w\u0142a\u015bcicielskaLeipziger Str. 4434260 KaufungenKontakt Telefon: +495605-9139741 E-mail: j.golec@kassel-monteurzimmer.euIdentyfikator podatku od sprzeda\u017cy Numer identyfikacyjny podatku od sprzeda\u017cy zgodnie z \u00a7 27 a Umsatzsteuergesetz:DE218005028Odpowiedzialno\u015b\u0107 redakcyjna Christof Golec Sp\u00f3\u0142ka w\u0142a\u015bcicielskaLeipziger Str. 4434260 Kaufungen PapierniaRozstrzyganie spor\u00f3w w UE Komisja Europejska udost\u0119pnia platform\u0119 do rozwi\u0105zywania spor\u00f3w online (OS): https:\/\/ec.europa.eu\/consumers\/odr\/.Nasz adres [&hellip;]<\/p>\n","protected":false},"author":1,"featured_media":0,"parent":0,"menu_order":0,"comment_status":"closed","ping_status":"closed","template":"","meta":{"_et_pb_use_builder":"on","_et_pb_old_content":"","_et_gb_content_width":""},"yoast_head":"<!-- This site is optimized with the Yoast SEO plugin v17.7.1 - https:\/\/yoast.com\/wordpress\/plugins\/seo\/ -->\n<title>Nadruk - Kassels Monteurzimmer Vermietung<\/title>\n<meta name=\"robots\" content=\"index, follow, max-snippet:-1, max-image-preview:large, max-video-preview:-1\" \/>\n<link rel=\"canonical\" href=\"https:\/\/kassel-monteurzimmer.eu\/pl\/nadruk\/\" \/>\n<meta property=\"og:locale\" content=\"pl_PL\" \/>\n<meta property=\"og:type\" content=\"article\" \/>\n<meta property=\"og:title\" content=\"Nadruk - Kassels Monteurzimmer Vermietung\" \/>\n<meta property=\"og:description\" content=\"NadrukInformacje zgodnie z \u00a7 5 TMG Christof GolecChristof Golec Sp\u00f3\u0142ka w\u0142a\u015bcicielskaLeipziger Str. 4434260 KaufungenKontakt Telefon: +495605-9139741 E-mail: j.golec@kassel-monteurzimmer.euIdentyfikator podatku od sprzeda\u017cy Numer identyfikacyjny podatku od sprzeda\u017cy zgodnie z \u00a7 27 a Umsatzsteuergesetz:DE218005028Odpowiedzialno\u015b\u0107 redakcyjna Christof Golec Sp\u00f3\u0142ka w\u0142a\u015bcicielskaLeipziger Str. 4434260 Kaufungen PapierniaRozstrzyganie spor\u00f3w w UE Komisja Europejska udost\u0119pnia platform\u0119 do rozwi\u0105zywania spor\u00f3w online (OS): https:\/\/ec.europa.eu\/consumers\/odr\/.Nasz adres [&hellip;]\" \/>\n<meta property=\"og:url\" content=\"https:\/\/kassel-monteurzimmer.eu\/pl\/nadruk\/\" \/>\n<meta property=\"og:site_name\" content=\"Kassels Monteurzimmer Vermietung\" \/>\n<meta property=\"article:modified_time\" content=\"2021-11-27T12:55:58+00:00\" \/>\n<meta name=\"twitter:card\" content=\"summary_large_image\" \/>\n<meta name=\"twitter:label1\" content=\"Szacowany czas czytania\" \/>\n\t<meta name=\"twitter:data1\" content=\"1 minuta\" \/>\n<script type=\"application\/ld+json\" class=\"yoast-schema-graph\">{\"@context\":\"https:\/\/schema.org\",\"@graph\":[{\"@type\":\"WebSite\",\"@id\":\"https:\/\/kassel-monteurzimmer.eu\/#website\",\"url\":\"https:\/\/kassel-monteurzimmer.eu\/\",\"name\":\"Kassels Monteurzimmer Vermietung\",\"description\":\"Zimmer Vermietung\",\"potentialAction\":[{\"@type\":\"SearchAction\",\"target\":{\"@type\":\"EntryPoint\",\"urlTemplate\":\"https:\/\/kassel-monteurzimmer.eu\/?s={search_term_string}\"},\"query-input\":\"required name=search_term_string\"}],\"inLanguage\":\"pl-PL\"},{\"@type\":\"WebPage\",\"@id\":\"https:\/\/kassel-monteurzimmer.eu\/pl\/nadruk\/#webpage\",\"url\":\"https:\/\/kassel-monteurzimmer.eu\/pl\/nadruk\/\",\"name\":\"Nadruk - Kassels Monteurzimmer Vermietung\",\"isPartOf\":{\"@id\":\"https:\/\/kassel-monteurzimmer.eu\/#website\"},\"datePublished\":\"2021-11-24T11:49:43+00:00\",\"dateModified\":\"2021-11-27T12:55:58+00:00\",\"breadcrumb\":{\"@id\":\"https:\/\/kassel-monteurzimmer.eu\/pl\/nadruk\/#breadcrumb\"},\"inLanguage\":\"pl-PL\",\"potentialAction\":[{\"@type\":\"ReadAction\",\"target\":[\"https:\/\/kassel-monteurzimmer.eu\/pl\/nadruk\/\"]}]},{\"@type\":\"BreadcrumbList\",\"@id\":\"https:\/\/kassel-monteurzimmer.eu\/pl\/nadruk\/#breadcrumb\",\"itemListElement\":[{\"@type\":\"ListItem\",\"position\":1,\"name\":\"Startseite\",\"item\":\"https:\/\/kassel-monteurzimmer.eu\/pl\/\"},{\"@type\":\"ListItem\",\"position\":2,\"name\":\"Nadruk\"}]}]}<\/script>\n<!-- \/ Yoast SEO plugin. -->","yoast_head_json":{"title":"Nadruk - Kassels Monteurzimmer Vermietung","robots":{"index":"index","follow":"follow","max-snippet":"max-snippet:-1","max-image-preview":"max-image-preview:large","max-video-preview":"max-video-preview:-1"},"canonical":"https:\/\/kassel-monteurzimmer.eu\/pl\/nadruk\/","og_locale":"pl_PL","og_type":"article","og_title":"Nadruk - Kassels Monteurzimmer Vermietung","og_description":"NadrukInformacje zgodnie z \u00a7 5 TMG Christof GolecChristof Golec Sp\u00f3\u0142ka w\u0142a\u015bcicielskaLeipziger Str. 4434260 KaufungenKontakt Telefon: +495605-9139741 E-mail: j.golec@kassel-monteurzimmer.euIdentyfikator podatku od sprzeda\u017cy Numer identyfikacyjny podatku od sprzeda\u017cy zgodnie z \u00a7 27 a Umsatzsteuergesetz:DE218005028Odpowiedzialno\u015b\u0107 redakcyjna Christof Golec Sp\u00f3\u0142ka w\u0142a\u015bcicielskaLeipziger Str. 4434260 Kaufungen PapierniaRozstrzyganie spor\u00f3w w UE Komisja Europejska udost\u0119pnia platform\u0119 do rozwi\u0105zywania spor\u00f3w online (OS): https:\/\/ec.europa.eu\/consumers\/odr\/.Nasz adres [&hellip;]","og_url":"https:\/\/kassel-monteurzimmer.eu\/pl\/nadruk\/","og_site_name":"Kassels Monteurzimmer Vermietung","article_modified_time":"2021-11-27T12:55:58+00:00","twitter_card":"summary_large_image","twitter_misc":{"Szacowany czas czytania":"1 minuta"},"schema":{"@context":"https:\/\/schema.org","@graph":[{"@type":"WebSite","@id":"https:\/\/kassel-monteurzimmer.eu\/#website","url":"https:\/\/kassel-monteurzimmer.eu\/","name":"Kassels Monteurzimmer Vermietung","description":"Zimmer Vermietung","potentialAction":[{"@type":"SearchAction","target":{"@type":"EntryPoint","urlTemplate":"https:\/\/kassel-monteurzimmer.eu\/?s={search_term_string}"},"query-input":"required name=search_term_string"}],"inLanguage":"pl-PL"},{"@type":"WebPage","@id":"https:\/\/kassel-monteurzimmer.eu\/pl\/nadruk\/#webpage","url":"https:\/\/kassel-monteurzimmer.eu\/pl\/nadruk\/","name":"Nadruk - Kassels Monteurzimmer Vermietung","isPartOf":{"@id":"https:\/\/kassel-monteurzimmer.eu\/#website"},"datePublished":"2021-11-24T11:49:43+00:00","dateModified":"2021-11-27T12:55:58+00:00","breadcrumb":{"@id":"https:\/\/kassel-monteurzimmer.eu\/pl\/nadruk\/#breadcrumb"},"inLanguage":"pl-PL","potentialAction":[{"@type":"ReadAction","target":["https:\/\/kassel-monteurzimmer.eu\/pl\/nadruk\/"]}]},{"@type":"BreadcrumbList","@id":"https:\/\/kassel-monteurzimmer.eu\/pl\/nadruk\/#breadcrumb","itemListElement":[{"@type":"ListItem","position":1,"name":"Startseite","item":"https:\/\/kassel-monteurzimmer.eu\/pl\/"},{"@type":"ListItem","position":2,"name":"Nadruk"}]}]}},"_links":{"self":[{"href":"https:\/\/kassel-monteurzimmer.eu\/pl\/wp-json\/wp\/v2\/pages\/167"}],"collection":[{"href":"https:\/\/kassel-monteurzimmer.eu\/pl\/wp-json\/wp\/v2\/pages"}],"about":[{"href":"https:\/\/kassel-monteurzimmer.eu\/pl\/wp-json\/wp\/v2\/types\/page"}],"author":[{"embeddable":true,"href":"https:\/\/kassel-monteurzimmer.eu\/pl\/wp-json\/wp\/v2\/users\/1"}],"replies":[{"embeddable":true,"href":"https:\/\/kassel-monteurzimmer.eu\/pl\/wp-json\/wp\/v2\/comments?post=167"}],"version-history":[{"count":6,"href":"https:\/\/kassel-monteurzimmer.eu\/pl\/wp-json\/wp\/v2\/pages\/167\/revisions"}],"predecessor-version":[{"id":375,"href":"https:\/\/kassel-monteurzimmer.eu\/pl\/wp-json\/wp\/v2\/pages\/167\/revisions\/375"}],"wp:attachment":[{"href":"https:\/\/kassel-monteurzimmer.eu\/pl\/wp-json\/wp\/v2\/media?parent=167"}],"curies":[{"name":"wp","href":"https:\/\/api.w.org\/{rel}","templated":true}]}}